{"id":1386,"date":"2025-03-21T19:38:48","date_gmt":"2025-03-21T19:38:48","guid":{"rendered":"https:\/\/www.mcmplanosdesaude.com.br\/2025\/?page_id=1386"},"modified":"2025-03-23T22:03:10","modified_gmt":"2025-03-23T22:03:10","slug":"seguro-viagem","status":"publish","type":"page","link":"https:\/\/www.mcmplanosdesaude.com.br\/2025\/seguros-de-vida-seguros-de-carro-so-na-mcm\/seguro-viagem\/","title":{"rendered":"Seguro Viagem"},"content":{"rendered":"<div id=\"pl-1386\"  class=\"panel-layout\"><div id=\"pg-1386-0\"  class=\"panel-grid panel-has-style\"><div class=\"siteorigin-panels-stretch panel-row-style panel-row-style-for-1386-0\" data-stretch-type=\"full\"><div id=\"pgc-1386-0-0\"  class=\"panel-grid-cell\"><div id=\"panel-1386-0-0-0\" class=\"so-panel widget widget_sow-editor panel-first-child panel-last-child\" data-index=\"0\"><div\n\t\t\t\n\t\t\tclass=\"so-widget-sow-editor so-widget-sow-editor-base\">\n<div class=\"siteorigin-widget-tinymce textwidget\">\n\t<p style=\"text-align: justify;\" data-sourcepos=\"3:1-3:190\">Viaje com a tranquilidade que voc\u00ea merece! Na <strong>MCM Seguros<\/strong>, oferecemos os melhores seguros viagem do mercado, para que voc\u00ea possa aproveitar cada momento das suas f\u00e9rias sem preocupa\u00e7\u00f5es.<\/p>\n<p style=\"text-align: justify;\" data-sourcepos=\"5:1-5:44\"><strong>Benef\u00edcios para uma viagem inesquec\u00edvel:<\/strong><\/p>\n<ul style=\"text-align: justify;\" data-sourcepos=\"7:1-12:0\">\n<li data-sourcepos=\"7:1-7:121\"><strong>Cobertura completa:<\/strong> \ud83d\udee1\ufe0f Assist\u00eancia m\u00e9dica, odontol\u00f3gica, extravio de bagagem, cancelamento de viagem e muito mais.<\/li>\n<li data-sourcepos=\"8:1-8:90\"><strong>Assist\u00eancia 24 horas:<\/strong> \ud83d\udcde Suporte em qualquer lugar do mundo, a qualquer hora do dia.<\/li>\n<li data-sourcepos=\"9:1-9:133\"><strong>Planos personalizados:<\/strong> \ud83e\udd1d Encontre a op\u00e7\u00e3o ideal para o seu destino e suas necessidades, com flexibilidade e pre\u00e7os acess\u00edveis.<\/li>\n<li data-sourcepos=\"10:1-10:95\"><strong>Tranquilidade total:<\/strong> \ud83c\udf1f Viaje com a certeza de que est\u00e1 protegido em qualquer imprevisto.<\/li>\n<li data-sourcepos=\"11:1-12:0\"><strong>Prote\u00e7\u00e3o para sua aventura:<\/strong> \ud83d\uddfa\ufe0f Tenha a seguran\u00e7a de poder explorar o mundo com a cobertura de um bom seguro viagem.<\/li>\n<\/ul>\n<p style=\"text-align: justify;\" data-sourcepos=\"13:1-13:36\"><strong>Com a MCM Seguros, voc\u00ea garante:<\/strong><\/p>\n<ul style=\"text-align: justify;\" data-sourcepos=\"15:1-19:0\">\n<li data-sourcepos=\"15:1-15:55\">Atendimento r\u00e1pido e eficiente em caso de emerg\u00eancia.<\/li>\n<li data-sourcepos=\"16:1-16:48\">Variedade de coberturas e servi\u00e7os adicionais.<\/li>\n<li data-sourcepos=\"17:1-17:45\">Condi\u00e7\u00f5es especiais e descontos exclusivos.<\/li>\n<li data-sourcepos=\"18:1-19:0\">Acompanhamento personalizado em todas as etapas da sua viagem.<\/li>\n<\/ul>\n<\/div>\n<\/div><\/div><\/div><div id=\"pgc-1386-0-1\"  class=\"panel-grid-cell\"><div id=\"panel-1386-0-1-0\" class=\"so-panel widget widget_sow-editor panel-first-child panel-last-child\" data-index=\"1\"><div\n\t\t\t\n\t\t\tclass=\"so-widget-sow-editor so-widget-sow-editor-base\">\n<div class=\"siteorigin-widget-tinymce textwidget\">\n\t<p><a href=\"https:\/\/www.mcmplanosdesaude.com.br\/2025\/seguros-de-vida-seguros-de-carro-so-na-mcm\/seguro-viagem\/attachment\/seguro-viagem-2\/\" rel=\"attachment wp-att-1538\"><img loading=\"lazy\" decoding=\"async\" class=\"aligncenter size-full wp-image-1538\" src=\"https:\/\/www.mcmplanosdesaude.com.br\/2025\/wp-content\/uploads\/2025\/03\/seguro-viagem.png\" alt=\"\" width=\"1080\" height=\"1080\" srcset=\"https:\/\/www.mcmplanosdesaude.com.br\/2025\/wp-content\/uploads\/2025\/03\/seguro-viagem.png 1080w, https:\/\/www.mcmplanosdesaude.com.br\/2025\/wp-content\/uploads\/2025\/03\/seguro-viagem-300x300.png 300w, https:\/\/www.mcmplanosdesaude.com.br\/2025\/wp-content\/uploads\/2025\/03\/seguro-viagem-1024x1024.png 1024w, https:\/\/www.mcmplanosdesaude.com.br\/2025\/wp-content\/uploads\/2025\/03\/seguro-viagem-150x150.png 150w, https:\/\/www.mcmplanosdesaude.com.br\/2025\/wp-content\/uploads\/2025\/03\/seguro-viagem-768x768.png 768w, https:\/\/www.mcmplanosdesaude.com.br\/2025\/wp-content\/uploads\/2025\/03\/seguro-viagem-375x375.png 375w, https:\/\/www.mcmplanosdesaude.com.br\/2025\/wp-content\/uploads\/2025\/03\/seguro-viagem-216x216.png 216w\" sizes=\"auto, (max-width: 1080px) 100vw, 1080px\" \/><\/a><\/p>\n<\/div>\n<\/div><\/div><\/div><\/div><\/div><div id=\"pg-1386-1\"  class=\"panel-grid panel-no-style\"><div id=\"pgc-1386-1-0\"  class=\"panel-grid-cell\"><div id=\"panel-1386-1-0-0\" class=\"so-panel widget widget_sow-editor panel-first-child panel-last-child\" data-index=\"2\"><div\n\t\t\t\n\t\t\tclass=\"so-widget-sow-editor so-widget-sow-editor-base\">\n<div class=\"siteorigin-widget-tinymce textwidget\">\n\t<p style=\"text-align: justify;\" data-sourcepos=\"20:1-20:193\"><strong>Deixe as preocupa\u00e7\u00f5es em casa!<\/strong> Aproveite suas f\u00e9rias com a seguran\u00e7a e a tranquilidade que a <strong>MCM Seguros<\/strong> oferece. Entre em contato conosco e encontre o seguro viagem perfeito para voc\u00ea!<\/p>\n<p style=\"text-align: justify;\" data-sourcepos=\"22:1-22:63\"><strong>MCM Seguros: Viaje com tranquilidade, n\u00f3s cuidamos de voc\u00ea!<\/strong><\/p>\n<\/div>\n<\/div><\/div><\/div><\/div><div id=\"pg-1386-2\"  class=\"panel-grid panel-has-style\"><div class=\"siteorigin-panels-stretch panel-row-style panel-row-style-for-1386-2\" data-stretch-type=\"full\"><div id=\"pgc-1386-2-0\"  class=\"panel-grid-cell\"><div id=\"panel-1386-2-0-0\" class=\"so-panel widget widget_sow-editor panel-first-child panel-last-child\" data-index=\"3\"><div class=\"panel-widget-style panel-widget-style-for-1386-2-0-0\"><div\n\t\t\t\n\t\t\tclass=\"so-widget-sow-editor so-widget-sow-editor-base\">\n<div class=\"siteorigin-widget-tinymce textwidget\">\n\t<p style=\"text-align: center;\"><span class=\"icon-container\"><span class=\"fa fa-phone  fa-3x\" style=\"color:#48cfc7;\"><\/span><\/span><\/p>\n<p style=\"text-align: center;\"><span style=\"color: #333333;\"><strong>Telefone<\/strong><\/span><\/p>\n<p style=\"text-align: center;\"><i class=\"fa fa-mobile\"><\/i><strong>(11) 97528-0290<\/strong><\/p>\n<hr \/>\n<p style=\"text-align: center;\">\n<\/p><\/div>\n<\/div><\/div><\/div><\/div><div id=\"pgc-1386-2-1\"  class=\"panel-grid-cell\"><div id=\"panel-1386-2-1-0\" class=\"so-panel widget widget_sow-editor panel-first-child panel-last-child\" data-index=\"4\"><div class=\"panel-widget-style panel-widget-style-for-1386-2-1-0\"><div\n\t\t\t\n\t\t\tclass=\"so-widget-sow-editor so-widget-sow-editor-base\">\n<div class=\"siteorigin-widget-tinymce textwidget\">\n\t<p style=\"text-align: center;\"><span class=\"icon-container\"><span class=\"fa fa-map-marker  fa-3x\" style=\"color:#48cfc7;\"><\/span><\/span><\/p>\n<p><img loading=\"lazy\" decoding=\"async\" class=\"aligncenter  wp-image-7\" src=\"https:\/\/www.mcmplanosdesaude.com.br\/2025\/wp-content\/uploads\/2025\/03\/log.mediomcm.corretora.png\" alt=\"\" width=\"359\" height=\"65\" srcset=\"https:\/\/www.mcmplanosdesaude.com.br\/2025\/wp-content\/uploads\/2025\/03\/log.mediomcm.corretora.png 447w, https:\/\/www.mcmplanosdesaude.com.br\/2025\/wp-content\/uploads\/2025\/03\/log.mediomcm.corretora-300x54.png 300w\" sizes=\"auto, (max-width: 359px) 100vw, 359px\" \/><\/p>\n<p style=\"text-align: center;\"><strong>Atendemos em todo territ\u00f3rio Nacional<\/strong><\/p><\/div><\/div><\/div><\/div><\/div><\/div><\/div><\/div><p> <a href=\"https:\/\/www.mcmplanosdesaude.com.br\/2025\/seguros-de-vida-seguros-de-carro-so-na-mcm\/seguro-viagem\/#more-1386\" class=\"more-link\">Leia mais<\/a><\/p>","protected":false},"excerpt":{"rendered":"<p>Viaje com a tranquilidade que voc\u00ea merece! Na MCM Seguros, oferecemos os melhores seguros viagem do mercado, para que voc\u00ea possa aproveitar cada momento das suas f\u00e9rias sem preocupa\u00e7\u00f5es. Benef\u00edcios para uma viagem inesquec\u00edvel: Cobertura completa: \ud83d\udee1\ufe0f Assist\u00eancia m\u00e9dica, odontol\u00f3gica, extravio de bagagem, cancelamento de viagem e muito mais. Assist\u00eancia 24 horas: \ud83d\udcde Suporte em &hellip;<\/p>\n","protected":false},"author":1,"featured_media":0,"parent":1379,"menu_order":0,"comment_status":"closed","ping_status":"closed","template":"template-front-page-slider.php","meta":{"_acf_changed":false,"_joinchat":[],"footnotes":""},"class_list":{"0":"post-1386","1":"page","2":"type-page","3":"status-publish","5":"clearfix","6":"article"},"acf":[],"yoast_head":"<!-- This site is optimized with the Yoast SEO plugin v26.8 - https:\/\/yoast.com\/product\/yoast-seo-wordpress\/ -->\n<title>Seguro Viagem - Mcm Planos de Saude atendemos em todo territ&oacute;rio Nacional<\/title>\n<meta name=\"robots\" content=\"index, follow, max-snippet:-1, max-image-preview:large, max-video-preview:-1\" \/>\n<link rel=\"canonical\" href=\"https:\/\/www.mcmplanosdesaude.com.br\/2025\/seguros-de-vida-seguros-de-carro-so-na-mcm\/seguro-viagem\/\" \/>\n<meta property=\"og:locale\" content=\"pt_BR\" \/>\n<meta property=\"og:type\" content=\"article\" \/>\n<meta property=\"og:title\" content=\"Seguro Viagem - Mcm Planos de Saude atendemos em todo territ&oacute;rio Nacional\" \/>\n<meta property=\"og:description\" content=\"Viaje com a tranquilidade que voc\u00ea merece! Na MCM Seguros, oferecemos os melhores seguros viagem do mercado, para que voc\u00ea possa aproveitar cada momento das suas f\u00e9rias sem preocupa\u00e7\u00f5es. Benef\u00edcios para uma viagem inesquec\u00edvel: Cobertura completa: \ud83d\udee1\ufe0f Assist\u00eancia m\u00e9dica, odontol\u00f3gica, extravio de bagagem, cancelamento de viagem e muito mais. Assist\u00eancia 24 horas: \ud83d\udcde Suporte em &hellip;\" \/>\n<meta property=\"og:url\" content=\"https:\/\/www.mcmplanosdesaude.com.br\/2025\/seguros-de-vida-seguros-de-carro-so-na-mcm\/seguro-viagem\/\" \/>\n<meta property=\"og:site_name\" content=\"Mcm Planos de Saude atendemos em todo territ&oacute;rio Nacional\" \/>\n<meta property=\"article:modified_time\" content=\"2025-03-23T22:03:10+00:00\" \/>\n<meta property=\"og:image\" content=\"https:\/\/www.mcmplanosdesaude.com.br\/2025\/wp-content\/uploads\/2025\/03\/seguro-viagem.png\" \/>\n\t<meta property=\"og:image:width\" content=\"1080\" \/>\n\t<meta property=\"og:image:height\" content=\"1080\" \/>\n\t<meta property=\"og:image:type\" content=\"image\/png\" \/>\n<meta name=\"twitter:card\" content=\"summary_large_image\" \/>\n<meta name=\"twitter:label1\" content=\"Est. tempo de leitura\" \/>\n\t<meta name=\"twitter:data1\" content=\"2 minutos\" \/>\n<script type=\"application\/ld+json\" class=\"yoast-schema-graph\">{\"@context\":\"https:\/\/schema.org\",\"@graph\":[{\"@type\":\"WebPage\",\"@id\":\"https:\/\/www.mcmplanosdesaude.com.br\/2025\/seguros-de-vida-seguros-de-carro-so-na-mcm\/seguro-viagem\/\",\"url\":\"https:\/\/www.mcmplanosdesaude.com.br\/2025\/seguros-de-vida-seguros-de-carro-so-na-mcm\/seguro-viagem\/\",\"name\":\"Seguro Viagem - Mcm Planos de Saude atendemos em todo territ&oacute;rio Nacional\",\"isPartOf\":{\"@id\":\"https:\/\/www.mcmplanosdesaude.com.br\/2025\/#website\"},\"primaryImageOfPage\":{\"@id\":\"https:\/\/www.mcmplanosdesaude.com.br\/2025\/seguros-de-vida-seguros-de-carro-so-na-mcm\/seguro-viagem\/#primaryimage\"},\"image\":{\"@id\":\"https:\/\/www.mcmplanosdesaude.com.br\/2025\/seguros-de-vida-seguros-de-carro-so-na-mcm\/seguro-viagem\/#primaryimage\"},\"thumbnailUrl\":\"https:\/\/www.mcmplanosdesaude.com.br\/2025\/wp-content\/uploads\/2025\/03\/seguro-viagem.png\",\"datePublished\":\"2025-03-21T19:38:48+00:00\",\"dateModified\":\"2025-03-23T22:03:10+00:00\",\"breadcrumb\":{\"@id\":\"https:\/\/www.mcmplanosdesaude.com.br\/2025\/seguros-de-vida-seguros-de-carro-so-na-mcm\/seguro-viagem\/#breadcrumb\"},\"inLanguage\":\"pt-BR\",\"potentialAction\":[{\"@type\":\"ReadAction\",\"target\":[\"https:\/\/www.mcmplanosdesaude.com.br\/2025\/seguros-de-vida-seguros-de-carro-so-na-mcm\/seguro-viagem\/\"]}]},{\"@type\":\"ImageObject\",\"inLanguage\":\"pt-BR\",\"@id\":\"https:\/\/www.mcmplanosdesaude.com.br\/2025\/seguros-de-vida-seguros-de-carro-so-na-mcm\/seguro-viagem\/#primaryimage\",\"url\":\"https:\/\/www.mcmplanosdesaude.com.br\/2025\/wp-content\/uploads\/2025\/03\/seguro-viagem.png\",\"contentUrl\":\"https:\/\/www.mcmplanosdesaude.com.br\/2025\/wp-content\/uploads\/2025\/03\/seguro-viagem.png\",\"width\":1080,\"height\":1080},{\"@type\":\"BreadcrumbList\",\"@id\":\"https:\/\/www.mcmplanosdesaude.com.br\/2025\/seguros-de-vida-seguros-de-carro-so-na-mcm\/seguro-viagem\/#breadcrumb\",\"itemListElement\":[{\"@type\":\"ListItem\",\"position\":1,\"name\":\"In\u00edcio\",\"item\":\"https:\/\/www.mcmplanosdesaude.com.br\/2025\/\"},{\"@type\":\"ListItem\",\"position\":2,\"name\":\"SEGUROS\",\"item\":\"https:\/\/www.mcmplanosdesaude.com.br\/2025\/seguros-de-vida-seguros-de-carro-so-na-mcm\/\"},{\"@type\":\"ListItem\",\"position\":3,\"name\":\"Seguro Viagem\"}]},{\"@type\":\"WebSite\",\"@id\":\"https:\/\/www.mcmplanosdesaude.com.br\/2025\/#website\",\"url\":\"https:\/\/www.mcmplanosdesaude.com.br\/2025\/\",\"name\":\"Mcm Planos de Saude atendemos em todo territ\u00f3rio Nacional\",\"description\":\"Mcm Planos de Saude atendemos em todo territ&oacute;rio Nacional\",\"publisher\":{\"@id\":\"https:\/\/www.mcmplanosdesaude.com.br\/2025\/#organization\"},\"potentialAction\":[{\"@type\":\"SearchAction\",\"target\":{\"@type\":\"EntryPoint\",\"urlTemplate\":\"https:\/\/www.mcmplanosdesaude.com.br\/2025\/?s={search_term_string}\"},\"query-input\":{\"@type\":\"PropertyValueSpecification\",\"valueRequired\":true,\"valueName\":\"search_term_string\"}}],\"inLanguage\":\"pt-BR\"},{\"@type\":\"Organization\",\"@id\":\"https:\/\/www.mcmplanosdesaude.com.br\/2025\/#organization\",\"name\":\"Mcm Planos de Saude atendemos em todo territ\u00f3rio Nacional\",\"url\":\"https:\/\/www.mcmplanosdesaude.com.br\/2025\/\",\"logo\":{\"@type\":\"ImageObject\",\"inLanguage\":\"pt-BR\",\"@id\":\"https:\/\/www.mcmplanosdesaude.com.br\/2025\/#\/schema\/logo\/image\/\",\"url\":\"https:\/\/www.mcmplanosdesaude.com.br\/2025\/wp-content\/uploads\/2025\/03\/log.mediomcm.corretora.png\",\"contentUrl\":\"https:\/\/www.mcmplanosdesaude.com.br\/2025\/wp-content\/uploads\/2025\/03\/log.mediomcm.corretora.png\",\"width\":447,\"height\":81,\"caption\":\"Mcm Planos de Saude atendemos em todo territ\u00f3rio Nacional\"},\"image\":{\"@id\":\"https:\/\/www.mcmplanosdesaude.com.br\/2025\/#\/schema\/logo\/image\/\"}}]}<\/script>\n<!-- \/ Yoast SEO plugin. -->","yoast_head_json":{"title":"Seguro Viagem - Mcm Planos de Saude atendemos em todo territ&oacute;rio Nacional","robots":{"index":"index","follow":"follow","max-snippet":"max-snippet:-1","max-image-preview":"max-image-preview:large","max-video-preview":"max-video-preview:-1"},"canonical":"https:\/\/www.mcmplanosdesaude.com.br\/2025\/seguros-de-vida-seguros-de-carro-so-na-mcm\/seguro-viagem\/","og_locale":"pt_BR","og_type":"article","og_title":"Seguro Viagem - Mcm Planos de Saude atendemos em todo territ&oacute;rio Nacional","og_description":"Viaje com a tranquilidade que voc\u00ea merece! Na MCM Seguros, oferecemos os melhores seguros viagem do mercado, para que voc\u00ea possa aproveitar cada momento das suas f\u00e9rias sem preocupa\u00e7\u00f5es. Benef\u00edcios para uma viagem inesquec\u00edvel: Cobertura completa: \ud83d\udee1\ufe0f Assist\u00eancia m\u00e9dica, odontol\u00f3gica, extravio de bagagem, cancelamento de viagem e muito mais. Assist\u00eancia 24 horas: \ud83d\udcde Suporte em &hellip;","og_url":"https:\/\/www.mcmplanosdesaude.com.br\/2025\/seguros-de-vida-seguros-de-carro-so-na-mcm\/seguro-viagem\/","og_site_name":"Mcm Planos de Saude atendemos em todo territ&oacute;rio Nacional","article_modified_time":"2025-03-23T22:03:10+00:00","og_image":[{"width":1080,"height":1080,"url":"https:\/\/www.mcmplanosdesaude.com.br\/2025\/wp-content\/uploads\/2025\/03\/seguro-viagem.png","type":"image\/png"}],"twitter_card":"summary_large_image","twitter_misc":{"Est. tempo de leitura":"2 minutos"},"schema":{"@context":"https:\/\/schema.org","@graph":[{"@type":"WebPage","@id":"https:\/\/www.mcmplanosdesaude.com.br\/2025\/seguros-de-vida-seguros-de-carro-so-na-mcm\/seguro-viagem\/","url":"https:\/\/www.mcmplanosdesaude.com.br\/2025\/seguros-de-vida-seguros-de-carro-so-na-mcm\/seguro-viagem\/","name":"Seguro Viagem - Mcm Planos de Saude atendemos em todo territ&oacute;rio Nacional","isPartOf":{"@id":"https:\/\/www.mcmplanosdesaude.com.br\/2025\/#website"},"primaryImageOfPage":{"@id":"https:\/\/www.mcmplanosdesaude.com.br\/2025\/seguros-de-vida-seguros-de-carro-so-na-mcm\/seguro-viagem\/#primaryimage"},"image":{"@id":"https:\/\/www.mcmplanosdesaude.com.br\/2025\/seguros-de-vida-seguros-de-carro-so-na-mcm\/seguro-viagem\/#primaryimage"},"thumbnailUrl":"https:\/\/www.mcmplanosdesaude.com.br\/2025\/wp-content\/uploads\/2025\/03\/seguro-viagem.png","datePublished":"2025-03-21T19:38:48+00:00","dateModified":"2025-03-23T22:03:10+00:00","breadcrumb":{"@id":"https:\/\/www.mcmplanosdesaude.com.br\/2025\/seguros-de-vida-seguros-de-carro-so-na-mcm\/seguro-viagem\/#breadcrumb"},"inLanguage":"pt-BR","potentialAction":[{"@type":"ReadAction","target":["https:\/\/www.mcmplanosdesaude.com.br\/2025\/seguros-de-vida-seguros-de-carro-so-na-mcm\/seguro-viagem\/"]}]},{"@type":"ImageObject","inLanguage":"pt-BR","@id":"https:\/\/www.mcmplanosdesaude.com.br\/2025\/seguros-de-vida-seguros-de-carro-so-na-mcm\/seguro-viagem\/#primaryimage","url":"https:\/\/www.mcmplanosdesaude.com.br\/2025\/wp-content\/uploads\/2025\/03\/seguro-viagem.png","contentUrl":"https:\/\/www.mcmplanosdesaude.com.br\/2025\/wp-content\/uploads\/2025\/03\/seguro-viagem.png","width":1080,"height":1080},{"@type":"BreadcrumbList","@id":"https:\/\/www.mcmplanosdesaude.com.br\/2025\/seguros-de-vida-seguros-de-carro-so-na-mcm\/seguro-viagem\/#breadcrumb","itemListElement":[{"@type":"ListItem","position":1,"name":"In\u00edcio","item":"https:\/\/www.mcmplanosdesaude.com.br\/2025\/"},{"@type":"ListItem","position":2,"name":"SEGUROS","item":"https:\/\/www.mcmplanosdesaude.com.br\/2025\/seguros-de-vida-seguros-de-carro-so-na-mcm\/"},{"@type":"ListItem","position":3,"name":"Seguro Viagem"}]},{"@type":"WebSite","@id":"https:\/\/www.mcmplanosdesaude.com.br\/2025\/#website","url":"https:\/\/www.mcmplanosdesaude.com.br\/2025\/","name":"Mcm Planos de Saude atendemos em todo territ\u00f3rio Nacional","description":"Mcm Planos de Saude atendemos em todo territ&oacute;rio Nacional","publisher":{"@id":"https:\/\/www.mcmplanosdesaude.com.br\/2025\/#organization"},"potentialAction":[{"@type":"SearchAction","target":{"@type":"EntryPoint","urlTemplate":"https:\/\/www.mcmplanosdesaude.com.br\/2025\/?s={search_term_string}"},"query-input":{"@type":"PropertyValueSpecification","valueRequired":true,"valueName":"search_term_string"}}],"inLanguage":"pt-BR"},{"@type":"Organization","@id":"https:\/\/www.mcmplanosdesaude.com.br\/2025\/#organization","name":"Mcm Planos de Saude atendemos em todo territ\u00f3rio Nacional","url":"https:\/\/www.mcmplanosdesaude.com.br\/2025\/","logo":{"@type":"ImageObject","inLanguage":"pt-BR","@id":"https:\/\/www.mcmplanosdesaude.com.br\/2025\/#\/schema\/logo\/image\/","url":"https:\/\/www.mcmplanosdesaude.com.br\/2025\/wp-content\/uploads\/2025\/03\/log.mediomcm.corretora.png","contentUrl":"https:\/\/www.mcmplanosdesaude.com.br\/2025\/wp-content\/uploads\/2025\/03\/log.mediomcm.corretora.png","width":447,"height":81,"caption":"Mcm Planos de Saude atendemos em todo territ\u00f3rio Nacional"},"image":{"@id":"https:\/\/www.mcmplanosdesaude.com.br\/2025\/#\/schema\/logo\/image\/"}}]}},"_links":{"self":[{"href":"https:\/\/www.mcmplanosdesaude.com.br\/2025\/wp-json\/wp\/v2\/pages\/1386","targetHints":{"allow":["GET"]}}],"collection":[{"href":"https:\/\/www.mcmplanosdesaude.com.br\/2025\/wp-json\/wp\/v2\/pages"}],"about":[{"href":"https:\/\/www.mcmplanosdesaude.com.br\/2025\/wp-json\/wp\/v2\/types\/page"}],"author":[{"embeddable":true,"href":"https:\/\/www.mcmplanosdesaude.com.br\/2025\/wp-json\/wp\/v2\/users\/1"}],"replies":[{"embeddable":true,"href":"https:\/\/www.mcmplanosdesaude.com.br\/2025\/wp-json\/wp\/v2\/comments?post=1386"}],"version-history":[{"count":4,"href":"https:\/\/www.mcmplanosdesaude.com.br\/2025\/wp-json\/wp\/v2\/pages\/1386\/revisions"}],"predecessor-version":[{"id":1599,"href":"https:\/\/www.mcmplanosdesaude.com.br\/2025\/wp-json\/wp\/v2\/pages\/1386\/revisions\/1599"}],"up":[{"embeddable":true,"href":"https:\/\/www.mcmplanosdesaude.com.br\/2025\/wp-json\/wp\/v2\/pages\/1379"}],"wp:attachment":[{"href":"https:\/\/www.mcmplanosdesaude.com.br\/2025\/wp-json\/wp\/v2\/media?parent=1386"}],"curies":[{"name":"wp","href":"https:\/\/api.w.org\/{rel}","templated":true}]}}